{"id":1310,"date":"2025-06-05T14:50:32","date_gmt":"2025-06-05T11:50:32","guid":{"rendered":"https:\/\/ugtex.metabuild.ing\/home\/"},"modified":"2025-06-05T15:53:45","modified_gmt":"2025-06-05T12:53:45","slug":"home","status":"publish","type":"page","link":"https:\/\/ugtex.metabuild.ing\/?page_id=1310&lang=en","title":{"rendered":"Home &#8211; English"},"content":{"rendered":"\n<div class=\"wp-block-uagb-container uagb-block-b4bdb975 alignfull uagb-is-root-container\"><div class=\"uagb-container-inner-blocks-wrap\">\n<div class=\"wp-block-uagb-info-box uagb-block-3b7e0e21 uagb-infobox__content-wrap  uagb-infobox-icon-above-title uagb-infobox-image-valign-top\"><div class=\"uagb-ifb-content\"><div class=\"uagb-ifb-title-wrap\"><h2 class=\"uagb-ifb-title-prefix\">Despre Star Trend<\/h2><\/div><p class=\"uagb-ifb-desc\">Scopul nostru este, ca prin produsele oferite,<br>s\u0103 satisfacem nevoile clien\u021bilor no\u0219tri astfel \u00eenc\u00e2t ace\u0219tia<br>s\u0103 beneficieze pe deplin de \u00eentreaga noastr\u0103 pricepere.<\/p><div class=\"uagb-ifb-button-wrapper wp-block-button\"><a href=\"#\" class=\"uagb-infobox-cta-link wp-block-button__link\" target=\"_self\" rel=\"noopener noreferrer\" onclick=\"return false;\"><span class=\"uagb-inline-editing\">Cite\u0219te mai mult<\/span><\/a><\/div><\/div><\/div>\n\n\n      \n\t\t\t<div class=\"uagb-icon-wrapper uagb-block-62f0ec94      \"\n\t\t\tstyle=\"\" >\n\t\t\t\t\t\t\t\t\t<span class=\"uagb-svg-wrapper\" \n\t\t\t\t\t aria-label=\"down-long\"\t\t\t\t\ttabindex=\"0\">\t\t\n\t\t\t\t\t\t\t\t\t\t<svg xmlns=\"https:\/\/www.w3.org\/2000\/svg\" viewBox= \"0 0 320 512\" role=\"graphics-symbol\" aria-hidden=\"false\" aria-label=\"\"><path d=\"M281.6 392.3l-104 112.1c-9.498 10.24-25.69 10.24-35.19 0l-104-112.1c-6.484-6.992-8.219-17.18-4.404-25.94c3.811-8.758 12.45-14.42 21.1-14.42H128V32c0-17.69 14.33-32 32-32S192 14.31 192 32v319.9h72c9.547 0 18.19 5.66 22 14.42C289.8 375.1 288.1 385.3 281.6 392.3z\"><\/path><\/svg>\n\t\t\t\t\t\t\t\t\t<\/span>\n\t\t\t\t\t\t\t<\/div>\n\t\t\t<\/div><\/div>\n\n\n\n<div class=\"wp-block-uagb-container uagb-block-a9605dcc alignfull uagb-is-root-container\"><div class=\"uagb-container-inner-blocks-wrap\">\n<div class=\"wp-block-uagb-image uagb-block-b2d52b7d wp-block-uagb-image--layout-default wp-block-uagb-image--effect-static wp-block-uagb-image--align-none\"><figure class=\"wp-block-uagb-image__figure\"><img decoding=\"async\" srcset=\"https:\/\/ugtex.metabuild.ing\/wp-content\/uploads\/2025\/06\/collage_web.jpg ,https:\/\/ugtex.metabuild.ing\/wp-content\/uploads\/2025\/06\/collage_web.jpg 780w, https:\/\/ugtex.metabuild.ing\/wp-content\/uploads\/2025\/06\/collage_web.jpg 360w\" sizes=\"auto, (max-width: 480px) 150px\" src=\"https:\/\/ugtex.metabuild.ing\/wp-content\/uploads\/2025\/06\/collage_web.jpg\" alt=\"\" class=\"uag-image-1239\" width=\"1080\" height=\"420\" title=\"collage_web\" loading=\"lazy\" role=\"img\"\/><\/figure><\/div>\n<\/div><\/div>\n\n\n\n<div class=\"wp-block-uagb-container uagb-block-2658a530 alignfull uagb-is-root-container\"><div class=\"uagb-container-inner-blocks-wrap\">\n<div class=\"wp-block-uagb-info-box uagb-block-4fcae268 uagb-infobox__content-wrap  uagb-infobox-icon-above-title uagb-infobox-image-valign-top\"><div class=\"uagb-ifb-content\"><div class=\"uagb-ifb-title-wrap\"><h2 class=\"uagb-ifb-title\">Produse<\/h2><\/div><\/div><\/div>\n\n\n\n<div class=\"wp-block-uagb-container uagb-block-51af8b82\">\n<div class=\"wp-block-uagb-info-box uagb-block-f5073bc7 uagb-infobox__content-wrap  uagb-infobox_cta-type-all uagb-infobox-icon-above-title uagb-infobox-image-valign-top\"><a href=\"https:\/\/ugtex.metabuild.ing\/products\/benzi-de-betelie\/\" class=\"uagb-infobox-link-wrap uagb-infbox__link-to-all\" target=\"_self\" aria-label=\"Infobox Link\" rel=\"noopener noreferrer\" onclick=\"return true;\"><\/a><div class=\"uagb-ifb-content\"><div class=\"uagb-ifb-image-content\"><img decoding=\"async\" src=\"https:\/\/ugtex.metabuild.ing\/wp-content\/uploads\/2025\/06\/bun.png\" alt=\"\" width=\"\" height=\"0\" loading=\"lazy\"\/><\/div><div class=\"uagb-ifb-title-wrap\"><h4 class=\"uagb-ifb-title\">Benzi de betelie<\/h4><\/div><p class=\"uagb-ifb-desc\">Pot fi simple sau complexe: cu\/f\u0103r\u0103 \u0219or\u021b, tubulare sau desf\u0103cute, cu tighel lan\u021b sau AMF, AMF dublu, tighel zig-zag sau ornamental, cus\u0103turi ascunse, interior elastic sau stabil, imprimate sau uni.<\/p><div class=\"uagb-ifb-button-wrapper wp-block-button\"><\/div><\/div><\/div>\n\n\n\n<div class=\"wp-block-uagb-info-box uagb-block-6b08e197 uagb-infobox__content-wrap  uagb-infobox-icon-above-title uagb-infobox-image-valign-top\"><div class=\"uagb-ifb-content\"><div class=\"uagb-ifb-image-content\"><img decoding=\"async\" src=\"https:\/\/ugtex.metabuild.ing\/wp-content\/uploads\/2025\/06\/buzunar_icon.png\" alt=\"\" width=\"\" height=\"0\" loading=\"lazy\"\/><\/div><div class=\"uagb-ifb-title-wrap\"><h4 class=\"uagb-ifb-title\">\u021aes\u0103turi pentru pung\u0103 de buzunar<\/h4><\/div><p class=\"uagb-ifb-desc\">Acestea pot fi 100% bumbac sau amestec poliester\/bumbac, orice model de \u00eempletitur\u0103, orice greutate \u0219i orice tip de finisare.<\/p><\/div><\/div>\n\n\n\n<div class=\"wp-block-uagb-info-box uagb-block-d66b98b1 uagb-infobox__content-wrap  uagb-infobox-icon-above-title uagb-infobox-image-valign-top\"><div class=\"uagb-ifb-content\"><div class=\"uagb-ifb-image-content\"><img decoding=\"async\" src=\"https:\/\/ugtex.metabuild.ing\/wp-content\/uploads\/2025\/06\/benzi_de_betelie_icon.png\" alt=\"\" width=\"\" height=\"0\" loading=\"lazy\"\/><\/div><div class=\"uagb-ifb-title-wrap\"><h4 class=\"uagb-ifb-title\">Benzi bie<\/h4><\/div><p class=\"uagb-ifb-desc\">\u00cen unitatea noastr\u0103 de produc\u021bie putem t\u0103ia benzi bie din orice material, la orice dimensiune solicitat\u0103.<\/p><\/div><\/div>\n\n\n\n<div class=\"wp-block-uagb-info-box uagb-block-cb4837bd uagb-infobox__content-wrap  uagb-infobox-icon-above-title uagb-infobox-image-valign-top\"><div class=\"uagb-ifb-content\"><div class=\"uagb-ifb-image-content\"><img decoding=\"async\" src=\"https:\/\/ugtex.metabuild.ing\/wp-content\/uploads\/2025\/06\/captuseala_icon.png\" alt=\"\" width=\"\" height=\"0\" loading=\"lazy\"\/><\/div><div class=\"uagb-ifb-title-wrap\"><h4 class=\"uagb-ifb-title\">C\u0103ptu\u0219eal\u0103<\/h4><\/div><p class=\"uagb-ifb-desc\">Avem \u00een stoc c\u0103ptu\u0219eli pe diverse nuan\u021be, compozi\u021bii \u0219i \u00eempletituri simple, satin, rhadame, jacquard, twill \u0219i changeant (combina\u021bie de culori diferite fa\u021b\u0103\/verso), c\u0103ptu\u0219eli pentru interiorul jachetelor, genunchi \u0219i m\u00e2neci.<\/p><\/div><\/div>\n\n\n\n<div class=\"wp-block-uagb-info-box uagb-block-a1d10133 uagb-infobox__content-wrap  uagb-infobox-icon-above-title uagb-infobox-image-valign-top\"><div class=\"uagb-ifb-content\"><div class=\"uagb-ifb-image-content\"><img decoding=\"async\" src=\"https:\/\/ugtex.metabuild.ing\/wp-content\/uploads\/2025\/06\/termo_icon.png\" alt=\"\" width=\"\" height=\"0\" loading=\"lazy\"\/><\/div><div class=\"uagb-ifb-title-wrap\"><h4 class=\"uagb-ifb-title\">Termocolante<\/h4><\/div><p class=\"uagb-ifb-desc\">Oferim o gam\u0103 larg\u0103 de termocolante pentru \u00eentrebuin\u021b\u0103ri diverse \u00een industria de confec\u021bii textile.<\/p><\/div><\/div>\n<\/div>\n<\/div><\/div>\n\n\n\n<div class=\"wp-block-uagb-container uagb-layout-flex uagb-block-af5df69f alignfull uagb-is-root-container\"><div class=\"uagb-container-inner-blocks-wrap\">\n<div class=\"wp-block-uagb-call-to-action uagb-block-d83192c0 wp-block-button\"><div class=\"uagb-cta__wrap\"><h3 class=\"uagb-cta__title\">Ai nevoie de mai multe informa\u021bii? Contacteaz\u0103-ne!\u200b<\/h3><p class=\"uagb-cta__desc\">Click here to change this text. Lorem ipsum dolor sit amet, consectetur adipiscing elit. Ut elit tellus, luctus nec ullamcorper mattis, pulvinar dapibus leo.<\/p><\/div><div class=\"uagb-cta__buttons\"><a href=\"#\" class=\"uagb-cta__button-link-wrapper wp-block-button__link\" target=\"_self\" rel=\"noopener noreferrer\">Date de contact<\/a><\/div><\/div>\n<\/div><\/div>\n","protected":false},"excerpt":{"rendered":"","protected":false},"author":1,"featured_media":0,"parent":0,"menu_order":0,"comment_status":"closed","ping_status":"closed","template":"","meta":{"_uag_custom_page_level_css":"","site-sidebar-layout":"no-sidebar","site-content-layout":"plain-container","ast-site-content-layout":"normal-width-container","site-content-style":"unboxed","site-sidebar-style":"unboxed","ast-global-header-display":"","ast-banner-title-visibility":"","ast-main-header-display":"","ast-hfb-above-header-display":"","ast-hfb-below-header-display":"","ast-hfb-mobile-header-display":"","site-post-title":"disabled","ast-breadcrumbs-content":"","ast-featured-img":"disabled","footer-sml-layout":"","theme-transparent-header-meta":"enabled","adv-header-id-meta":"","stick-header-meta":"","header-above-stick-meta":"","header-main-stick-meta":"","header-below-stick-meta":"","astra-migrate-meta-layouts":"set","ast-page-background-enabled":"default","ast-page-background-meta":{"desktop":{"background-color":"","background-image":"","background-repeat":"repeat","background-position":"center center","background-size":"auto","background-attachment":"scroll","background-type":"","background-media":"","overlay-type":"","overlay-color":"","overlay-opacity":"","overlay-gradient":""},"tablet":{"background-color":"","background-image":"","background-repeat":"repeat","background-position":"center center","background-size":"auto","background-attachment":"scroll","background-type":"","background-media":"","overlay-type":"","overlay-color":"","overlay-opacity":"","overlay-gradient":""},"mobile":{"background-color":"","background-image":"","background-repeat":"repeat","background-position":"center center","background-size":"auto","background-attachment":"scroll","background-type":"","background-media":"","overlay-type":"","overlay-color":"","overlay-opacity":"","overlay-gradient":""}},"ast-content-background-meta":{"desktop":{"background-color":"var(--ast-global-color-5)","background-image":"","background-repeat":"repeat","background-position":"center center","background-size":"auto","background-attachment":"scroll","background-type":"","background-media":"","overlay-type":"","overlay-color":"","overlay-opacity":"","overlay-gradient":""},"tablet":{"background-color":"var(--ast-global-color-5)","background-image":"","background-repeat":"repeat","background-position":"center center","background-size":"auto","background-attachment":"scroll","background-type":"","background-media":"","overlay-type":"","overlay-color":"","overlay-opacity":"","overlay-gradient":""},"mobile":{"background-color":"var(--ast-global-color-5)","background-image":"","background-repeat":"repeat","background-position":"center center","background-size":"auto","background-attachment":"scroll","background-type":"","background-media":"","overlay-type":"","overlay-color":"","overlay-opacity":"","overlay-gradient":""}},"footnotes":""},"class_list":["post-1310","page","type-page","status-publish","hentry"],"lang":"en","translations":{"en":1310,"ro":494,"fr":1311},"uagb_featured_image_src":{"full":false,"thumbnail":false,"medium":false,"medium_large":false,"large":false,"1536x1536":false,"2048x2048":false},"uagb_author_info":{"display_name":"admindev","author_link":"https:\/\/ugtex.metabuild.ing\/?author=1"},"uagb_comment_info":0,"uagb_excerpt":null,"pll_sync_post":[],"_links":{"self":[{"href":"https:\/\/ugtex.metabuild.ing\/index.php?rest_route=\/wp\/v2\/pages\/1310","targetHints":{"allow":["GET"]}}],"collection":[{"href":"https:\/\/ugtex.metabuild.ing\/index.php?rest_route=\/wp\/v2\/pages"}],"about":[{"href":"https:\/\/ugtex.metabuild.ing\/index.php?rest_route=\/wp\/v2\/types\/page"}],"author":[{"embeddable":true,"href":"https:\/\/ugtex.metabuild.ing\/index.php?rest_route=\/wp\/v2\/users\/1"}],"replies":[{"embeddable":true,"href":"https:\/\/ugtex.metabuild.ing\/index.php?rest_route=%2Fwp%2Fv2%2Fcomments&post=1310"}],"version-history":[{"count":0,"href":"https:\/\/ugtex.metabuild.ing\/index.php?rest_route=\/wp\/v2\/pages\/1310\/revisions"}],"wp:attachment":[{"href":"https:\/\/ugtex.metabuild.ing\/index.php?rest_route=%2Fwp%2Fv2%2Fmedia&parent=1310"}],"curies":[{"name":"wp","href":"https:\/\/api.w.org\/{rel}","templated":true}]}}